{"id":1495,"date":"2025-11-30T12:37:40","date_gmt":"2025-11-30T12:37:40","guid":{"rendered":"https:\/\/herzsport-haibach.de\/?page_id=1495"},"modified":"2025-11-30T14:01:42","modified_gmt":"2025-11-30T14:01:42","slug":"unsere-orthopaedische-rehasportgruppe","status":"publish","type":"page","link":"https:\/\/herzsport-haibach.de\/?page_id=1495","title":{"rendered":"Unsere orthop\u00e4dische Rehasportgruppe"},"content":{"rendered":"\n<p class=\"has-vivid-red-color has-text-color has-link-color has-x-large-font-size wp-elements-8ea8df30a020d6e03cfa383d19fc0588\">Unsere Trainingszeiten<\/p>\n\n\n\n<p class=\"has-medium-font-size\"><strong>Wir trainieren das ganze Jahr durchgehend<\/strong><\/p>\n\n\n\n<p class=\"has-medium-font-size\">Montags von 17.00 Uhr bis 18.00 Uhr  <\/p>\n\n\n\n<p style=\"font-size:16px\"><strong>In der Schulturnhalle der Haupt- und Mittelschule Gro\u00dfostheim, Dellweg 10, 63762 Gro\u00dfostheim<\/strong><\/p>\n\n\n\n<p class=\"has-medium-font-size\"><\/p>\n\n\n\n<p><\/p>\n\n\n\n<p class=\"has-text-align-center has-vivid-red-color has-text-color has-link-color has-x-large-font-size wp-elements-fd0dc82c7b638e65e8125c9ac1143717\">Unsere Fach\u00fcbungsleiterin der<\/p>\n\n\n\n<p class=\"has-text-align-center has-vivid-red-color has-text-color has-link-color has-x-large-font-size wp-elements-788cfb9f7e7d98a98fa87603f4c1bd48\">orthop\u00e4dischen Rehasportgruppe<\/p>\n\n\n<div class=\"wp-block-image is-style-rounded\">\n<figure class=\"aligncenter size-full is-resized\"><img loading=\"lazy\" decoding=\"async\" width=\"783\" height=\"903\" src=\"http:\/\/herzsport-haibach.de\/wp-content\/uploads\/2022\/04\/IMG-20220403-WA0008.jpg\" alt=\"\" class=\"wp-image-886\" style=\"width:329px;height:auto\" srcset=\"https:\/\/herzsport-haibach.de\/wp-content\/uploads\/2022\/04\/IMG-20220403-WA0008.jpg 783w, https:\/\/herzsport-haibach.de\/wp-content\/uploads\/2022\/04\/IMG-20220403-WA0008-260x300.jpg 260w, https:\/\/herzsport-haibach.de\/wp-content\/uploads\/2022\/04\/IMG-20220403-WA0008-768x886.jpg 768w\" sizes=\"auto, (max-width: 783px) 100vw, 783px\" \/><\/figure>\n<\/div>\n\n\n<p class=\"has-text-align-center has-black-color has-text-color has-link-color wp-elements-31ef8a46bf82daa30dab4b6adf99fd54\"><\/p>\n\n\n\n<p class=\"has-text-align-center has-black-color has-text-color has-link-color has-medium-font-size wp-elements-7932c0ac6d046562683b0f7c6103637e\"><strong>Susanne Buchinger<\/strong><\/p>\n","protected":false},"excerpt":{"rendered":"<p>Unsere Trainingszeiten Wir trainieren das ganze Jahr durchgehend Montags von 17.00 Uhr bis 18.00 Uhr In der Schulturnhalle der Haupt- und Mittelschule Gro\u00dfostheim, Dellweg 10, 63762 Gro\u00dfostheim Unsere Fach\u00fcbungsleiterin der orthop\u00e4dischen Rehasportgruppe<a class=\"moretag\" href=\"https:\/\/herzsport-haibach.de\/?page_id=1495\">Read More&#8230;<\/a><\/p>\n","protected":false},"author":1,"featured_media":0,"parent":0,"menu_order":0,"comment_status":"closed","ping_status":"closed","template":"","meta":{"_themeisle_gutenberg_block_has_review":false,"footnotes":""},"class_list":["post-1495","page","type-page","status-publish","hentry"],"_links":{"self":[{"href":"https:\/\/herzsport-haibach.de\/index.php?rest_route=\/wp\/v2\/pages\/1495","targetHints":{"allow":["GET"]}}],"collection":[{"href":"https:\/\/herzsport-haibach.de\/index.php?rest_route=\/wp\/v2\/pages"}],"about":[{"href":"https:\/\/herzsport-haibach.de\/index.php?rest_route=\/wp\/v2\/types\/page"}],"author":[{"embeddable":true,"href":"https:\/\/herzsport-haibach.de\/index.php?rest_route=\/wp\/v2\/users\/1"}],"replies":[{"embeddable":true,"href":"https:\/\/herzsport-haibach.de\/index.php?rest_route=%2Fwp%2Fv2%2Fcomments&post=1495"}],"version-history":[{"count":12,"href":"https:\/\/herzsport-haibach.de\/index.php?rest_route=\/wp\/v2\/pages\/1495\/revisions"}],"predecessor-version":[{"id":1520,"href":"https:\/\/herzsport-haibach.de\/index.php?rest_route=\/wp\/v2\/pages\/1495\/revisions\/1520"}],"wp:attachment":[{"href":"https:\/\/herzsport-haibach.de\/index.php?rest_route=%2Fwp%2Fv2%2Fmedia&parent=1495"}],"curies":[{"name":"wp","href":"https:\/\/api.w.org\/{rel}","templated":true}]}}