{"id":162,"date":"2020-02-10T18:29:40","date_gmt":"2020-02-10T18:29:40","guid":{"rendered":"http:\/\/herzsport-haibach.de\/?page_id=162"},"modified":"2025-11-30T14:27:02","modified_gmt":"2025-11-30T14:27:02","slug":"warum-herz-und-rehasport","status":"publish","type":"page","link":"https:\/\/herzsport-haibach.de\/?page_id=162","title":{"rendered":"Warum Herzsport?"},"content":{"rendered":"\n<p style=\"font-size:22px\"><strong>Warum Herzsport?<\/strong><\/p>\n\n\n\n<p class=\"has-medium-font-size\">K\u00f6rperliche Aktivit\u00e4t vermindert das Risiko f\u00fcr Herzinfarkt und Schlaganfall bei Gesunden und bei Patienten mit koronarer Herzerkrankung.<\/p>\n\n\n\n<p style=\"font-size:22px\"><strong>Warum ist angemessener Sport und Bewegung so wichtig bei Herzinsuffizienz?<\/strong><\/p>\n\n\n\n<p>Hier ein Beitrag des BR Fernsehen vom 20.04.2021.<\/p>\n\n\n\n<p><a href=\"https:\/\/www.br.de\/br-fernsehen\/sendungen\/gesundheit\/sport-bei-herzschwaeche-100.html\">https:\/\/www.br.de\/br-fernsehen\/sendungen\/gesundheit\/sport-bei-herzschwaeche-100.html<\/a><\/p>\n\n\n\n<p style=\"font-size:22px\"><strong>Was erwartet mich in einer Herzsportgruppe?<\/strong><\/p>\n\n\n<ul>\n<li>\n<h6>Eine Gruppe gleich Betroffener<\/h6>\n<\/li>\n<li>\n<h6>Ein speziell geschulter und ausgebildeter Herzgruppenleiter<\/h6>\n<\/li>\n<li>\n<h6>Bewegung, Spiel\u00a0und Spa\u00df, abgestimmt auf\u00a0Ihre pers\u00f6nliche Belastbarkeit<\/h6>\n<\/li>\n<li>\n<h6>\u00c4rztliche Betreuung und \u00dcberwachung w\u00e4hrend der \u00dcbungsstunde<\/h6>\n<\/li>\n<\/ul>\n\n\n<p style=\"font-size:22px\"><strong>Was gewinne ich durch die Teilnahme in einer Herzsportgruppe?<\/strong><\/p>\n\n\n<ul class=\"rich-text editor-rich-text__editable block-editor-rich-text__editable is-selected\" role=\"textbox\" contenteditable=\"true\" aria-multiline=\"true\" aria-label=\"Schreibe eine Liste\u2026\">\n<li>\n<h6>Lebensqualit\u00e4t<\/h6>\n<\/li>\n<li>\n<h6>Erfahrung Ihrer k\u00f6rperlichen M\u00f6glichkeiten<\/h6>\n<\/li>\n<li>\n<h6>Verbesserung Ihrer Ausdauer und Belastbarkeit<\/h6>\n<\/li>\n<li>\n<h6>Selbstsicherheit im Alltag<\/h6>\n<\/li>\n<\/ul>\n\n\n<p style=\"font-size:22px\"><strong>Was muss ich tun, um am Herzsport teilzunehmen?<\/strong><\/p>\n\n\n\n<p class=\"has-medium-font-size\">Sprechen Sie ihren behandelnden Arzt\/Kardiologen auf die M\u00f6glichkeit des Rehabilitationssport in Herzsportgruppen an.  Er kann Ihnen die Teilnahme an der Herzsportgruppe verordnen.  Dieses ausgef\u00fcllte Verordnungs-Formular schicken Sie dann zu ihrer Krankenkasse und lassen es von dieser genehmigen.  In der Regel werden bei einer Erst-Verordnung 90 \u00dcbungseinheiten in 24 Monaten bewilligt.  Ist es eine Folge-Verordnung, sind 45 Einheiten in 12 Monaten vorgesehen.<\/p>\n\n\n\n<h2 class=\"wp-block-heading\"><\/h2>\n\n\n\n<p> <\/p>\n","protected":false},"excerpt":{"rendered":"<p>Warum Herzsport? K\u00f6rperliche Aktivit\u00e4t vermindert das Risiko f\u00fcr Herzinfarkt und Schlaganfall bei Gesunden und bei Patienten mit koronarer Herzerkrankung. Warum ist angemessener Sport und Bewegung so wichtig bei Herzinsuffizienz? Hier ein Beitrag<a class=\"moretag\" href=\"https:\/\/herzsport-haibach.de\/?page_id=162\">Read More&#8230;<\/a><\/p>\n","protected":false},"author":1,"featured_media":0,"parent":0,"menu_order":0,"comment_status":"closed","ping_status":"closed","template":"","meta":{"_themeisle_gutenberg_block_has_review":false,"footnotes":""},"class_list":["post-162","page","type-page","status-publish","hentry"],"_links":{"self":[{"href":"https:\/\/herzsport-haibach.de\/index.php?rest_route=\/wp\/v2\/pages\/162","targetHints":{"allow":["GET"]}}],"collection":[{"href":"https:\/\/herzsport-haibach.de\/index.php?rest_route=\/wp\/v2\/pages"}],"about":[{"href":"https:\/\/herzsport-haibach.de\/index.php?rest_route=\/wp\/v2\/types\/page"}],"author":[{"embeddable":true,"href":"https:\/\/herzsport-haibach.de\/index.php?rest_route=\/wp\/v2\/users\/1"}],"replies":[{"embeddable":true,"href":"https:\/\/herzsport-haibach.de\/index.php?rest_route=%2Fwp%2Fv2%2Fcomments&post=162"}],"version-history":[{"count":11,"href":"https:\/\/herzsport-haibach.de\/index.php?rest_route=\/wp\/v2\/pages\/162\/revisions"}],"predecessor-version":[{"id":871,"href":"https:\/\/herzsport-haibach.de\/index.php?rest_route=\/wp\/v2\/pages\/162\/revisions\/871"}],"wp:attachment":[{"href":"https:\/\/herzsport-haibach.de\/index.php?rest_route=%2Fwp%2Fv2%2Fmedia&parent=162"}],"curies":[{"name":"wp","href":"https:\/\/api.w.org\/{rel}","templated":true}]}}