{"id":339,"date":"2020-02-21T06:39:20","date_gmt":"2020-02-21T06:39:20","guid":{"rendered":"http:\/\/herzsport-haibach.de\/?page_id=339"},"modified":"2022-04-02T08:20:39","modified_gmt":"2022-04-02T08:20:39","slug":"aerztliche-betreuung","status":"publish","type":"page","link":"https:\/\/herzsport-haibach.de\/?page_id=339","title":{"rendered":"\u00c4rztliche Betreuung"},"content":{"rendered":"\n<p class=\"has-medium-font-size\">Unsere Herzsportgruppen werden w\u00e4hrend der Trainingszeiten <strong>immer<\/strong> von einer \u00c4rztin oder einem Arzt betreut. Auch bei Notf\u00e4llen sind wir bestens ausgestattet und k\u00f6nnen qualifiziert Hilfe leisten.<\/p>\n\n\n\n<div class=\"wp-block-image is-style-circle-mask\"><figure class=\"aligncenter size-medium is-resized\"><img loading=\"lazy\" decoding=\"async\" src=\"http:\/\/herzsport-haibach.de\/wp-content\/uploads\/2020\/03\/20200318_092220-254x300.jpg\" alt=\"\" class=\"wp-image-519\" width=\"351\" height=\"415\" srcset=\"https:\/\/herzsport-haibach.de\/wp-content\/uploads\/2020\/03\/20200318_092220-254x300.jpg 254w, https:\/\/herzsport-haibach.de\/wp-content\/uploads\/2020\/03\/20200318_092220.jpg 715w\" sizes=\"auto, (max-width: 351px) 100vw, 351px\" \/><\/figure><\/div>\n","protected":false},"excerpt":{"rendered":"<p>Unsere Herzsportgruppen werden w\u00e4hrend der Trainingszeiten immer von einer \u00c4rztin oder einem Arzt betreut. Auch bei Notf\u00e4llen sind wir bestens ausgestattet und k\u00f6nnen qualifiziert Hilfe leisten.<\/p>\n","protected":false},"author":1,"featured_media":0,"parent":0,"menu_order":0,"comment_status":"closed","ping_status":"closed","template":"","meta":{"_themeisle_gutenberg_block_has_review":false,"footnotes":""},"class_list":["post-339","page","type-page","status-publish","hentry"],"_links":{"self":[{"href":"https:\/\/herzsport-haibach.de\/index.php?rest_route=\/wp\/v2\/pages\/339","targetHints":{"allow":["GET"]}}],"collection":[{"href":"https:\/\/herzsport-haibach.de\/index.php?rest_route=\/wp\/v2\/pages"}],"about":[{"href":"https:\/\/herzsport-haibach.de\/index.php?rest_route=\/wp\/v2\/types\/page"}],"author":[{"embeddable":true,"href":"https:\/\/herzsport-haibach.de\/index.php?rest_route=\/wp\/v2\/users\/1"}],"replies":[{"embeddable":true,"href":"https:\/\/herzsport-haibach.de\/index.php?rest_route=%2Fwp%2Fv2%2Fcomments&post=339"}],"version-history":[{"count":7,"href":"https:\/\/herzsport-haibach.de\/index.php?rest_route=\/wp\/v2\/pages\/339\/revisions"}],"predecessor-version":[{"id":869,"href":"https:\/\/herzsport-haibach.de\/index.php?rest_route=\/wp\/v2\/pages\/339\/revisions\/869"}],"wp:attachment":[{"href":"https:\/\/herzsport-haibach.de\/index.php?rest_route=%2Fwp%2Fv2%2Fmedia&parent=339"}],"curies":[{"name":"wp","href":"https:\/\/api.w.org\/{rel}","templated":true}]}}