{"id":46,"date":"2020-02-10T13:28:19","date_gmt":"2020-02-10T13:28:19","guid":{"rendered":"http:\/\/herzsport-haibach.de\/?page_id=46"},"modified":"2020-02-20T20:15:00","modified_gmt":"2020-02-20T20:15:00","slug":"kontakt","status":"publish","type":"page","link":"https:\/\/herzsport-haibach.de\/?page_id=46","title":{"rendered":"Kontakt"},"content":{"rendered":"\n<h5 class=\"wp-block-heading\"><strong>Herz &amp; RehaSportgemeinschaft e.V., f\u00fcr Aschaffenburg, Haibach und Umgebung<\/strong><\/h5>\n\n\n<p><strong>Sonnenstra\u00dfe 52<\/strong><\/p>\n<p><strong>63762 Gro\u00dfostheim<\/strong><\/p>\n<p><strong>Telefon: 06026-9979779<\/strong><\/p>\n<p><strong>EMail:\u00a0 info@herzsport-haibach.de<\/strong><\/p>","protected":false},"excerpt":{"rendered":"<p>Herz &amp; RehaSportgemeinschaft e.V., f\u00fcr Aschaffenburg, Haibach und Umgebung Sonnenstra\u00dfe 52 63762 Gro\u00dfostheim Telefon: 06026-9979779 EMail:\u00a0 info@herzsport-haibach.de<\/p>\n","protected":false},"author":1,"featured_media":0,"parent":0,"menu_order":0,"comment_status":"closed","ping_status":"closed","template":"","meta":{"_themeisle_gutenberg_block_has_review":false,"footnotes":""},"class_list":["post-46","page","type-page","status-publish","hentry"],"_links":{"self":[{"href":"https:\/\/herzsport-haibach.de\/index.php?rest_route=\/wp\/v2\/pages\/46","targetHints":{"allow":["GET"]}}],"collection":[{"href":"https:\/\/herzsport-haibach.de\/index.php?rest_route=\/wp\/v2\/pages"}],"about":[{"href":"https:\/\/herzsport-haibach.de\/index.php?rest_route=\/wp\/v2\/types\/page"}],"author":[{"embeddable":true,"href":"https:\/\/herzsport-haibach.de\/index.php?rest_route=\/wp\/v2\/users\/1"}],"replies":[{"embeddable":true,"href":"https:\/\/herzsport-haibach.de\/index.php?rest_route=%2Fwp%2Fv2%2Fcomments&post=46"}],"version-history":[{"count":3,"href":"https:\/\/herzsport-haibach.de\/index.php?rest_route=\/wp\/v2\/pages\/46\/revisions"}],"predecessor-version":[{"id":318,"href":"https:\/\/herzsport-haibach.de\/index.php?rest_route=\/wp\/v2\/pages\/46\/revisions\/318"}],"wp:attachment":[{"href":"https:\/\/herzsport-haibach.de\/index.php?rest_route=%2Fwp%2Fv2%2Fmedia&parent=46"}],"curies":[{"name":"wp","href":"https:\/\/api.w.org\/{rel}","templated":true}]}}