{"id":59,"date":"2020-02-10T13:28:19","date_gmt":"2020-02-10T13:28:19","guid":{"rendered":"http:\/\/herzsport-haibach.de\/?page_id=59"},"modified":"2023-07-02T12:38:32","modified_gmt":"2023-07-02T12:38:32","slug":"uebungsleiter","status":"publish","type":"page","link":"https:\/\/herzsport-haibach.de\/?page_id=59","title":{"rendered":"\u00dcbungsleiter"},"content":{"rendered":"\n<p class=\"has-medium-font-size\">Unsere Gruppen werden von hoch qualifizierten Fach\u00fcbungsleiterinnen und Fach\u00fcbungsleitern, in den Bereichen Herzsport, Innere Medizin und Orthop\u00e4die betreut. Sie sind wesentliche Garanten f\u00fcr die Qualit\u00e4t der Trainingsstunden . Sie werden immer wieder neu gefordert und tragen eine hohe Verantwortung. Jeder Einzelne von ihnen hat im Rahmen des Lizenz-Systems des Deutschen-Behinderten-Sport-Verbandes (DOSB) eine umfangreiche Spezialausbildung zum Fach\u00fcbungsleiter f\u00fcr Herz- und Rehabilitationssport durchlaufen. <\/p>\n\n\n\n<p class=\"has-medium-font-size\">Um immer auf dem neuesten Stand zu bleiben und die Qualit\u00e4t der Sportstunden zu halten, m\u00fcssen die Lizenzen alle 2 Jahre durch Fort- und Weiterbildungen verl\u00e4ngert werden.  <\/p>\n\n\n\n<h2 class=\"wp-block-heading\" id=\"unser-ubungsleiter-team\">Unser \u00dcbungsleiter Team<\/h2>\n\n\n\n<div class=\"wp-block-columns is-layout-flex wp-container-core-columns-is-layout-9d6595d7 wp-block-columns-is-layout-flex\">\n<div class=\"wp-block-column is-layout-flow wp-block-column-is-layout-flow\"><div class=\"wp-block-image is-style-rounded\">\n<figure class=\"aligncenter size-full is-resized\"><img loading=\"lazy\" decoding=\"async\" src=\"http:\/\/herzsport-haibach.de\/wp-content\/uploads\/2022\/04\/IMG-20220403-WA0008.jpg\" alt=\"\" class=\"wp-image-886\" width=\"196\" height=\"226\" srcset=\"https:\/\/herzsport-haibach.de\/wp-content\/uploads\/2022\/04\/IMG-20220403-WA0008.jpg 783w, https:\/\/herzsport-haibach.de\/wp-content\/uploads\/2022\/04\/IMG-20220403-WA0008-260x300.jpg 260w, https:\/\/herzsport-haibach.de\/wp-content\/uploads\/2022\/04\/IMG-20220403-WA0008-768x886.jpg 768w\" sizes=\"auto, (max-width: 196px) 100vw, 196px\" \/><\/figure>\n<\/div>\n\n\n<h3><strong>Susanne Buchinger<\/strong><\/h3>\n<h4>Fach\u00fcbungsleiterin Rehabilitationssport<\/h4>\n<h4>in den Bereichen<\/h4>\n<ul>\n<li>Herzsport<\/li>\n<li>Innere Medizin\u00a0<\/li>\n<li>Orthop\u00e4die<\/li>\n<\/ul>\n<p>\u00a0<\/p>\n<\/div>\n\n\n\n<div class=\"wp-block-column is-layout-flow wp-block-column-is-layout-flow\"><div class=\"wp-block-image is-style-rounded\">\n<figure class=\"aligncenter size-full is-resized\"><img loading=\"lazy\" decoding=\"async\" src=\"http:\/\/herzsport-haibach.de\/wp-content\/uploads\/2022\/04\/20200220_185946.jpg\" alt=\"\" class=\"wp-image-887\" width=\"187\" height=\"226\" srcset=\"https:\/\/herzsport-haibach.de\/wp-content\/uploads\/2022\/04\/20200220_185946.jpg 747w, https:\/\/herzsport-haibach.de\/wp-content\/uploads\/2022\/04\/20200220_185946-248x300.jpg 248w\" sizes=\"auto, (max-width: 187px) 100vw, 187px\" \/><\/figure>\n<\/div>\n\n\n<h3><strong>Susan Eichelsbacher<\/strong><\/h3>\n<h4>Fach\u00fcbungsleiterin Rehabilitationssport\u00a0<\/h4>\n<h4>in den Bereichen<\/h4>\n<ul>\n<li>Herzsport<\/li>\n<li>Innere Medizin<\/li>\n<li>Orthop\u00e4die<\/li>\n<\/ul>\n<\/div>\n<\/div>\n\n\n\n<div class=\"wp-block-columns is-layout-flex wp-container-core-columns-is-layout-9d6595d7 wp-block-columns-is-layout-flex\">\n<div class=\"wp-block-column is-layout-flow wp-block-column-is-layout-flow\"><div class=\"wp-block-image is-style-rounded\">\n<figure class=\"aligncenter size-full is-resized\"><img loading=\"lazy\" decoding=\"async\" src=\"http:\/\/herzsport-haibach.de\/wp-content\/uploads\/2020\/03\/Christine-Test-1.jpg\" alt=\"\" class=\"wp-image-443\" width=\"188\" height=\"206\" srcset=\"https:\/\/herzsport-haibach.de\/wp-content\/uploads\/2020\/03\/Christine-Test-1.jpg 750w, https:\/\/herzsport-haibach.de\/wp-content\/uploads\/2020\/03\/Christine-Test-1-273x300.jpg 273w\" sizes=\"auto, (max-width: 188px) 100vw, 188px\" \/><\/figure>\n<\/div>\n\n\n<h3><strong>Christine Eiselt<\/strong><\/h3>\n<h4>Fach\u00fcbungsleiterin Rehabilitationssport\u00a0<\/h4>\n<h4>im Bereich<\/h4>\n<ul>\n<li>\n<h5>Herzsport<\/h5>\n<\/li>\n<\/ul>\n<\/div>\n\n\n\n<div class=\"wp-block-column is-layout-flow wp-block-column-is-layout-flow\"><div class=\"wp-block-image is-style-rounded\">\n<figure class=\"aligncenter size-full is-resized\"><img loading=\"lazy\" decoding=\"async\" src=\"http:\/\/herzsport-haibach.de\/wp-content\/uploads\/2023\/07\/20230626_081158.jpg\" alt=\"\" class=\"wp-image-1166\" width=\"164\" height=\"218\" srcset=\"https:\/\/herzsport-haibach.de\/wp-content\/uploads\/2023\/07\/20230626_081158.jpg 654w, https:\/\/herzsport-haibach.de\/wp-content\/uploads\/2023\/07\/20230626_081158-225x300.jpg 225w\" sizes=\"auto, (max-width: 164px) 100vw, 164px\" \/><\/figure>\n<\/div>\n\n\n<h4><strong>Maria Ott<\/strong><\/h4>\n<h4>Fach\u00fcbungsleiterin Rehabilitationssport\u00a0<\/h4>\n<h4>in den Bereichen<\/h4>\n<ul>\n<li>\n<h5>Herzsport<\/h5>\n<\/li>\n<li>\n<h5>Innere Medizin<\/h5>\n<\/li>\n<\/ul>\n<\/div>\n<\/div>\n\n\n\n<p class=\"has-text-align-left has-medium-font-size\"> <\/p>\n","protected":false},"excerpt":{"rendered":"<p>Unsere Gruppen werden von hoch qualifizierten Fach\u00fcbungsleiterinnen und Fach\u00fcbungsleitern, in den Bereichen Herzsport, Innere Medizin und Orthop\u00e4die betreut. Sie sind wesentliche Garanten f\u00fcr die Qualit\u00e4t der Trainingsstunden . Sie werden immer wieder<a class=\"moretag\" href=\"https:\/\/herzsport-haibach.de\/?page_id=59\">Read More&#8230;<\/a><\/p>\n","protected":false},"author":1,"featured_media":0,"parent":0,"menu_order":0,"comment_status":"closed","ping_status":"closed","template":"","meta":{"_themeisle_gutenberg_block_has_review":false,"footnotes":""},"class_list":["post-59","page","type-page","status-publish","hentry"],"_links":{"self":[{"href":"https:\/\/herzsport-haibach.de\/index.php?rest_route=\/wp\/v2\/pages\/59","targetHints":{"allow":["GET"]}}],"collection":[{"href":"https:\/\/herzsport-haibach.de\/index.php?rest_route=\/wp\/v2\/pages"}],"about":[{"href":"https:\/\/herzsport-haibach.de\/index.php?rest_route=\/wp\/v2\/types\/page"}],"author":[{"embeddable":true,"href":"https:\/\/herzsport-haibach.de\/index.php?rest_route=\/wp\/v2\/users\/1"}],"replies":[{"embeddable":true,"href":"https:\/\/herzsport-haibach.de\/index.php?rest_route=%2Fwp%2Fv2%2Fcomments&post=59"}],"version-history":[{"count":27,"href":"https:\/\/herzsport-haibach.de\/index.php?rest_route=\/wp\/v2\/pages\/59\/revisions"}],"predecessor-version":[{"id":1167,"href":"https:\/\/herzsport-haibach.de\/index.php?rest_route=\/wp\/v2\/pages\/59\/revisions\/1167"}],"wp:attachment":[{"href":"https:\/\/herzsport-haibach.de\/index.php?rest_route=%2Fwp%2Fv2%2Fmedia&parent=59"}],"curies":[{"name":"wp","href":"https:\/\/api.w.org\/{rel}","templated":true}]}}