{"id":62,"date":"2020-02-10T13:28:19","date_gmt":"2020-02-10T13:28:19","guid":{"rendered":"http:\/\/herzsport-haibach.de\/?page_id=62"},"modified":"2021-09-17T16:28:00","modified_gmt":"2021-09-17T16:28:00","slug":"impressum","status":"publish","type":"page","link":"https:\/\/herzsport-haibach.de\/?page_id=62","title":{"rendered":"Impressum"},"content":{"rendered":"<p><strong>\u00a0\u00a0\u00a0\u00a0\u00a0\u00a0 Impressum:<\/strong><\/p>\n<h6>\u00a0 \u00a0<strong>\u00a0 \u00a0 Herz &amp; RehaSportgemeinschaft e.V. f\u00fcr Aschaffenburg, Haibach und Umgebung,<\/strong><strong>\u00a0Sonnenstr. 52, 63762 Gro\u00dfostheim<\/strong>\u00a0 \u00a0<\/h6>\n<p><strong>\u00a0 \u00a0 \u00a0 \u00a0Eingetragen im Registeramt Aschaffenburg &#8211; Register-Nr. \u00b7 200 639\u00a0\u00a0\u00a0<\/strong><br \/><strong>\u00a0 \u00a0 \u00a0 \u00a0Steuernummer \u00b7 204 \/ 109 \/ 00786 K03\/QE3\u00a0<\/strong><\/p>\n<p>\u00a0 \u00a0 \u00a0 \u00a0Vertreten durch den 1. Vorsitzenden &#8211; <span style=\"color: #000000;\">Horst Thienel<\/span><br \/>\u00a0 \u00a0 \u00a0 \u00a0Vertreten durch die 2. Vorsitzende &#8211; <span style=\"color: #000000;\">Cornelia Stegmayer<\/span><br \/>\u00a0 \u00a0 \u00a0 \u00a0Vertreten durch den Kassier &#8211; <span style=\"color: #000000;\">Klaus Krellmann<\/span><br \/>\u00a0 \u00a0 \u00a0 \u00a0Vertreten durch die Schriftf\u00fchrerin &#8211; <span style=\"color: #000000;\">Susan Eichelsbacher<\/span><\/p>\n<p><strong>\u00a0 \u00a0 \u00a0 \u00a0<\/strong><\/p>\n<p><strong>\u00a0\u00a0\u00a0\u00a0\u00a0\u00a0 Eingetragen im Register der ARGE Bayern<\/strong><br \/>\u00a0 \u00a0 \u00a0 \u00a0IK \u00b7 44 090 92 02<br \/><strong>\u00a0\u00a0<\/strong><br \/><strong><a class=\"cm_anchor\" href=\"http:\/\/www.123recht.net\/impressumsgenerator.asp\" target=\"_blank\" rel=\"noreferrer noopener\">\u00a0\u00a0\u00a0\u00a0\u00a0\u00a0 Impressum erstellt mit dem Impressumsgenerator von<\/a><\/strong><br \/><strong>\u00a0\u00a0\u00a0\u00a0\u00a0\u00a0\u00a0<a class=\"cm_anchor\" href=\"http:\/\/www.123recht.net\/impressumsgenerator.asp\" target=\"_blank\" rel=\"noreferrer noopener\">123recht.net &#8211; Rechtsberatung online<\/a>.<\/strong><\/p>\n<p><strong>\u00a0\u00a0\u00a0\u00a0\u00a0\u00a0 Haftungsausschlu\u00df<\/strong><\/p>\n<p>\u00a0\u00a0\u00a0\u00a0\u00a0\u00a0 Urheberrecht<br \/>\u00a0\u00a0\u00a0\u00a0\u00a0\u00a0 Die durch die Seitenbetreiber erstellten Inhalte und Werke auf diesen Seiten unterliegen dem deutschen Urheberrecht. Die\u00a0\u00a0<br \/>\u00a0\u00a0\u00a0\u00a0\u00a0\u00a0 Vervielf\u00e4ltigung, Bearbeitung, Verbreitung und jede Art der Verwertung au\u00dferhalb der Grenzen des Urheberrechtes bed\u00fcrfen der\u00a0<br \/>\u00a0\u00a0\u00a0\u00a0\u00a0\u00a0 schriftlichen Zustimmung des jeweiligen Autors bzw. Erstellers. Downloads und Kopien dieser Seite sind nur f\u00fcr den privaten, nicht\u00a0<br \/>\u00a0\u00a0\u00a0\u00a0\u00a0\u00a0 kommerziellen Gebrauch gestattet. Soweit die Inhalte auf dieser Seite nicht vom Betreiber erstellt wurden, werden die Urheberrechte Dritter\u00a0<br \/>\u00a0\u00a0\u00a0\u00a0\u00a0\u00a0 beachtet. Insbesondere werden Inhalte Dritter als solche gekennzeichnet. Sollten Sie trotzdem auf eine Urheberrechtsverletzung aufmerksam<br \/>\u00a0\u00a0\u00a0\u00a0\u00a0\u00a0 werden, bitten wir um einen entsprechenden Hinweis. Bei Bekanntwerden von Rechtsverletzungen werden wir derartige Inhalte umgehend\u00a0<br \/>\u00a0\u00a0\u00a0\u00a0\u00a0\u00a0 entfernen.\u00a0\u00a0<\/p>\n\n\n<p><\/p>\n","protected":false},"excerpt":{"rendered":"<p>\u00a0\u00a0\u00a0\u00a0\u00a0\u00a0 Impressum: \u00a0 \u00a0\u00a0 \u00a0 Herz &amp; RehaSportgemeinschaft e.V. f\u00fcr Aschaffenburg, Haibach und Umgebung,\u00a0Sonnenstr. 52, 63762 Gro\u00dfostheim\u00a0 \u00a0 \u00a0 \u00a0 \u00a0 \u00a0Eingetragen im Registeramt Aschaffenburg &#8211; Register-Nr. \u00b7 200 639\u00a0\u00a0\u00a0\u00a0 \u00a0 \u00a0<a class=\"moretag\" href=\"https:\/\/herzsport-haibach.de\/?page_id=62\">Read More&#8230;<\/a><\/p>\n","protected":false},"author":1,"featured_media":0,"parent":0,"menu_order":0,"comment_status":"closed","ping_status":"closed","template":"","meta":{"_themeisle_gutenberg_block_has_review":false,"footnotes":""},"class_list":["post-62","page","type-page","status-publish","hentry"],"_links":{"self":[{"href":"https:\/\/herzsport-haibach.de\/index.php?rest_route=\/wp\/v2\/pages\/62","targetHints":{"allow":["GET"]}}],"collection":[{"href":"https:\/\/herzsport-haibach.de\/index.php?rest_route=\/wp\/v2\/pages"}],"about":[{"href":"https:\/\/herzsport-haibach.de\/index.php?rest_route=\/wp\/v2\/types\/page"}],"author":[{"embeddable":true,"href":"https:\/\/herzsport-haibach.de\/index.php?rest_route=\/wp\/v2\/users\/1"}],"replies":[{"embeddable":true,"href":"https:\/\/herzsport-haibach.de\/index.php?rest_route=%2Fwp%2Fv2%2Fcomments&post=62"}],"version-history":[{"count":6,"href":"https:\/\/herzsport-haibach.de\/index.php?rest_route=\/wp\/v2\/pages\/62\/revisions"}],"predecessor-version":[{"id":817,"href":"https:\/\/herzsport-haibach.de\/index.php?rest_route=\/wp\/v2\/pages\/62\/revisions\/817"}],"wp:attachment":[{"href":"https:\/\/herzsport-haibach.de\/index.php?rest_route=%2Fwp%2Fv2%2Fmedia&parent=62"}],"curies":[{"name":"wp","href":"https:\/\/api.w.org\/{rel}","templated":true}]}}