{"id":88,"date":"2020-02-10T13:52:13","date_gmt":"2020-02-10T13:52:13","guid":{"rendered":"http:\/\/herzsport-haibach.de\/?page_id=88"},"modified":"2025-11-30T14:22:37","modified_gmt":"2025-11-30T14:22:37","slug":"startseite","status":"publish","type":"page","link":"https:\/\/herzsport-haibach.de\/","title":{"rendered":"Startseite"},"content":{"rendered":"\n<h1 class=\"wp-block-heading has-text-align-center has-very-dark-gray-color has-text-color\">Herzlich Willkommen auf der Homepage der<\/h1>\n\n\n\n<h1 class=\"wp-block-heading has-text-align-center has-very-dark-gray-color has-text-color\"> Herz &amp; RehaSportgemeinschaft e.V. <\/h1>\n\n\n\n<p class=\"has-text-align-center\"><\/p>\n\n\n\n<p class=\"has-text-align-center has-vivid-red-color has-text-color has-link-color has-x-large-font-size wp-elements-22bea0ec934f44791229aa3c552a1b15\"><\/p>\n\n\n\n<h1 class=\"wp-block-heading has-text-align-center has-vivid-red-color has-text-color has-link-color has-x-large-font-size wp-elements-610410ecca7e5745c7fc4db6f58a8b2a\"><\/h1>\n\n\n\n<p class=\"has-text-align-center has-vivid-red-color has-text-color has-link-color has-x-large-font-size wp-elements-71316ead5503aa4778d89c99b945e1d3\"><strong>NEU AB 12.01.2026  &#8211;  NEU AB 12.01.2026<\/strong><\/p>\n\n\n\n<p class=\"has-text-align-center has-black-color has-text-color has-link-color has-medium-font-size wp-elements-e368ac225defc44120a5b53b9e2066c4\"><strong>in der Schulturnhalle der Haupt- und Mittelschule Gro\u00dfostheim, Dellweg 10, 63762 Gro\u00dfostheim<\/strong><\/p>\n\n\n\n<p class=\"has-text-align-center has-black-color has-text-color has-link-color has-large-font-size wp-elements-953e6ec043218c2bb90afbe537695dc2\"><strong>eine neue orthop\u00e4dische Rehasportgruppe<\/strong><\/p>\n\n\n\n<p class=\"has-text-align-center has-vivid-red-color has-text-color has-link-color has-x-large-font-size wp-elements-71316ead5503aa4778d89c99b945e1d3\"><strong>NEU AB 12.01.2026  &#8211;  NEU AB 12.01.2026<\/strong><\/p>\n\n\n<h2 style=\"text-align: center;\">\u00a0<\/h2>\n<h2 style=\"text-align: center;\"><em><strong><span style=\"color: #f05d13;\"><span style=\"color: #c41818;\">Sie haben eine \u00e4rztliche Verordnung oder <\/span><\/span><\/strong><\/em><\/h2>\n<h2 style=\"text-align: center;\"><span style=\"color: #c41818;\"><em><strong>Interesse am Herz- oder Lungensport <\/strong><\/em><\/span><\/h2>\n<h2 style=\"text-align: center;\"><em><strong><span style=\"color: #f05d13;\"><span style=\"color: #c41818;\">und<\/span> <span style=\"color: #c41818;\">w\u00fcrden gerne<\/span> <span style=\"color: #c41818;\">an einem Schnuppertraining teilnehmen?<\/span><\/span><\/strong><\/em><\/h2>\n<h2 style=\"text-align: center;\"><strong><span style=\"color: #000000;\">Wir informieren Sie gerne!<\/span><\/strong><\/h2>\n<h3 style=\"text-align: center;\"><strong><span style=\"color: #000000;\">Sie erreichen uns unter der<\/span><\/strong><\/h3>\n<h2 style=\"text-align: center;\"><strong><span style=\"color: #000000;\">Telefonnummer 06026 \/ 9979779 <\/span><\/strong><\/h2>\n<h3 style=\"text-align: center;\"><strong><span style=\"color: #000000;\">oder per <\/span><\/strong><\/h3>\n<h2 style=\"text-align: center;\"><strong><span style=\"color: #000000;\">Mail:\u00a0 info@herzsport-haibach.de<\/span><\/strong><\/h2>\n\n\n<h1 class=\"wp-block-heading has-text-align-left has-vivid-red-color has-text-color\"><\/h1>\n\n\n<div class=\"wp-block-image is-style-default\">\n<figure class=\"aligncenter is-resized\"><a href=\"https:\/\/herzstiftung.de\/\"><img loading=\"lazy\" decoding=\"async\" width=\"300\" height=\"168\" src=\"http:\/\/herzsport-haibach.de\/wp-content\/uploads\/2020\/11\/Download-2.jpg\" alt=\"\" class=\"wp-image-672\" style=\"width:466px;height:261px\"\/><\/a><figcaption class=\"wp-element-caption\"><a href=\"https:\/\/herzstiftung.de\/\">https:\/\/herzstiftung.de\/<\/a><\/figcaption><\/figure>\n<\/div>","protected":false},"excerpt":{"rendered":"<p>Herzlich Willkommen auf der Homepage der Herz &amp; RehaSportgemeinschaft e.V. NEU AB 12.01.2026 &#8211; NEU AB 12.01.2026 in der Schulturnhalle der Haupt- und Mittelschule Gro\u00dfostheim, Dellweg 10, 63762 Gro\u00dfostheim eine neue orthop\u00e4dische<a class=\"moretag\" href=\"https:\/\/herzsport-haibach.de\/\">Read More&#8230;<\/a><\/p>\n","protected":false},"author":1,"featured_media":0,"parent":0,"menu_order":0,"comment_status":"closed","ping_status":"closed","template":"","meta":{"_themeisle_gutenberg_block_has_review":false,"footnotes":""},"class_list":["post-88","page","type-page","status-publish","hentry"],"_links":{"self":[{"href":"https:\/\/herzsport-haibach.de\/index.php?rest_route=\/wp\/v2\/pages\/88","targetHints":{"allow":["GET"]}}],"collection":[{"href":"https:\/\/herzsport-haibach.de\/index.php?rest_route=\/wp\/v2\/pages"}],"about":[{"href":"https:\/\/herzsport-haibach.de\/index.php?rest_route=\/wp\/v2\/types\/page"}],"author":[{"embeddable":true,"href":"https:\/\/herzsport-haibach.de\/index.php?rest_route=\/wp\/v2\/users\/1"}],"replies":[{"embeddable":true,"href":"https:\/\/herzsport-haibach.de\/index.php?rest_route=%2Fwp%2Fv2%2Fcomments&post=88"}],"version-history":[{"count":95,"href":"https:\/\/herzsport-haibach.de\/index.php?rest_route=\/wp\/v2\/pages\/88\/revisions"}],"predecessor-version":[{"id":1530,"href":"https:\/\/herzsport-haibach.de\/index.php?rest_route=\/wp\/v2\/pages\/88\/revisions\/1530"}],"wp:attachment":[{"href":"https:\/\/herzsport-haibach.de\/index.php?rest_route=%2Fwp%2Fv2%2Fmedia&parent=88"}],"curies":[{"name":"wp","href":"https:\/\/api.w.org\/{rel}","templated":true}]}}